{"id":4007,"date":"2024-11-18T07:26:46","date_gmt":"2024-11-18T07:26:46","guid":{"rendered":"https:\/\/growix.peacefulqode.co.in\/?page_id=4007"},"modified":"2025-02-10T23:40:39","modified_gmt":"2025-02-10T23:40:39","slug":"sobre-nosotros","status":"publish","type":"page","link":"https:\/\/avaluexpress.com\/?page_id=4007","title":{"rendered":"\u00bfQui\u00e9nes Somos?"},"content":{"rendered":"\t\t<div data-elementor-type=\"wp-page\" data-elementor-id=\"4007\" class=\"elementor elementor-4007\">\n\t\t\t\t\t\t<div class=\"elementor-section elementor-top-section elementor-element elementor-element-417f46b elementor-section-full_width elementor-section-stretched elementor-section-height-default elementor-section-height-default\" data-id=\"417f46b\" data-element_type=\"section\" data-settings=\"{&quot;stretch_section&quot;:&quot;section-stretched&quot;}\">\n\t\t\t\t\t\t<div class=\"elementor-container elementor-column-gap-default\">\n\t\t\t\t\t<div class=\"elementor-column elementor-col-100 elementor-top-column elementor-element elementor-element-0ffc20d\" data-id=\"0ffc20d\" data-element_type=\"column\">\n\t\t\t<div class=\"elementor-widget-wrap elementor-element-populated\">\n\t\t\t\t\t\t<div class=\"elementor-section elementor-inner-section elementor-element elementor-element-5b19002 elementor-section-content-middle elementor-reverse-tablet elementor-reverse-mobile elementor-section-boxed elementor-section-height-default elementor-section-height-default\" data-id=\"5b19002\" data-element_type=\"section\">\n\t\t\t\t\t\t<div class=\"elementor-container elementor-column-gap-default\">\n\t\t\t\t\t<div class=\"elementor-column elementor-col-50 elementor-inner-column elementor-element elementor-element-84102ba animated-fast elementor-invisible\" data-id=\"84102ba\" data-element_type=\"column\" data-settings=\"{&quot;animation&quot;:&quot;fadeInLeft&quot;}\">\n\t\t\t<div class=\"elementor-widget-wrap elementor-element-populated\">\n\t\t\t\t\t\t<div class=\"elementor-element elementor-element-82812ab elementor-widget elementor-widget-image_wow_effect\" data-id=\"82812ab\" data-element_type=\"widget\" data-widget_type=\"image_wow_effect.default\">\n\t\t\t\t<div class=\"elementor-widget-container\">\n\t\t\t\t\t    <div class=\"pt-image-effect wow img-ptkey-left\" data-wow-duration=\"1s\">\r\n        <img decoding=\"async\" src=\"https:\/\/avaluexpress.com\/wp-content\/uploads\/2025\/02\/Port_Contacto_01.png\" alt=\"\">\r\n    <\/div>\r\n    \r\n\r\n\t\t\t\t<\/div>\n\t\t\t\t<\/div>\n\t\t\t\t\t<\/div>\n\t\t<\/div>\n\t\t\t\t<div class=\"elementor-column elementor-col-50 elementor-inner-column elementor-element elementor-element-d7b12e9 animated-fast elementor-invisible\" data-id=\"d7b12e9\" data-element_type=\"column\" data-settings=\"{&quot;animation&quot;:&quot;fadeInRight&quot;}\">\n\t\t\t<div class=\"elementor-widget-wrap elementor-element-populated\">\n\t\t\t\t\t\t<div class=\"elementor-element elementor-element-cf87da0 elementor-widget elementor-widget-section-title\" data-id=\"cf87da0\" data-element_type=\"widget\" data-widget_type=\"section-title.default\">\n\t\t\t\t<div class=\"elementor-widget-container\">\n\t\t\t\t\t\r\n<div class=\"pt-section-title pt-style-1 \">\r\n    <div class=\"pt-section-sub-title\">\r\n    \t        <i class=\" flaticon-sub-title-icon\"><\/i>\r\n        \t\t\t<span>Sobre Nosotros<\/span>\r\n\t\t    <\/div>\r\n    \t\t<h5 data-splitting class=\"pt-section-main-title\">Avaluexpress<\/h5>\r\n\t\t<p class=\"pt-section-description\">Somos una empresa especializada y dedicada a ofrecer una soluci\u00f3n en \u201cValoraci\u00f3n de Inmuebles\u201d de la manera m\u00e1s r\u00e1pida e innovadora del distrito occidente del pa\u00eds. Entre nuestros clientes se encuentran empresas de gran trayectoria que avalan la calidad de nuestros servicios as\u00ed como el profesionalismo en cada trabajo realizado. Nuestro equipo de trabajo est\u00e1 conformado por profesionales \u00edntegros y multidisciplinarios que cuentan con gran experiencia en el sector.\n<\/p>\r\n<\/div>\r\n\r\n\t\t\t\t<\/div>\n\t\t\t\t<\/div>\n\t\t\t\t\t<\/div>\n\t\t<\/div>\n\t\t\t\t\t<\/div>\n\t\t<\/div>\n\t\t\t\t\t<\/div>\n\t\t<\/div>\n\t\t\t\t\t<\/div>\n\t\t<\/div>\n\t\t\t\t<div class=\"elementor-section elementor-top-section elementor-element elementor-element-5e43977 elementor-section-full_width elementor-section-stretched elementor-section-height-default elementor-section-height-default\" data-id=\"5e43977\" data-element_type=\"section\" data-settings=\"{&quot;stretch_section&quot;:&quot;section-stretched&quot;}\">\n\t\t\t\t\t\t<div class=\"elementor-container elementor-column-gap-default\">\n\t\t\t\t\t<div class=\"elementor-column elementor-col-100 elementor-top-column elementor-element elementor-element-99a9420\" data-id=\"99a9420\" data-element_type=\"column\" data-settings=\"{&quot;background_background&quot;:&quot;classic&quot;}\">\n\t\t\t<div class=\"elementor-widget-wrap elementor-element-populated\">\n\t\t\t\t\t\t<div class=\"elementor-section elementor-inner-section elementor-element elementor-element-b48282e elementor-section-content-middle elementor-section-boxed elementor-section-height-default elementor-section-height-default\" data-id=\"b48282e\" data-element_type=\"section\">\n\t\t\t\t\t\t<div class=\"elementor-container elementor-column-gap-default\">\n\t\t\t\t\t<div class=\"elementor-column elementor-col-100 elementor-inner-column elementor-element elementor-element-6117d09 animated-fast elementor-invisible\" data-id=\"6117d09\" data-element_type=\"column\" data-settings=\"{&quot;animation&quot;:&quot;fadeInUp&quot;}\">\n\t\t\t<div class=\"elementor-widget-wrap elementor-element-populated\">\n\t\t\t\t\t\t<div class=\"elementor-element elementor-element-42195b2 elementor-widget elementor-widget-section-title\" data-id=\"42195b2\" data-element_type=\"widget\" data-widget_type=\"section-title.default\">\n\t\t\t\t<div class=\"elementor-widget-container\">\n\t\t\t\t\t\r\n<div class=\"pt-section-title pt-style-1 text-center\">\r\n    <div class=\"pt-section-sub-title\">\r\n    \t        <i class=\" flaticon-sub-title-icon\"><\/i>\r\n        \t\t\t<span>Avaluexpress<\/span>\r\n\t\t    <\/div>\r\n    \t\t<h5 data-splitting class=\"pt-section-main-title\">Te compartimos nuestros grandes logros<\/h5>\r\n\t\t<p class=\"pt-section-description\"><\/p>\r\n<\/div>\r\n\r\n\t\t\t\t<\/div>\n\t\t\t\t<\/div>\n\t\t\t\t\t<\/div>\n\t\t<\/div>\n\t\t\t\t\t<\/div>\n\t\t<\/div>\n\t\t\t\t<div class=\"elementor-section elementor-inner-section elementor-element elementor-element-36f41c2 elementor-section-content-middle elementor-section-boxed elementor-section-height-default elementor-section-height-default\" data-id=\"36f41c2\" data-element_type=\"section\">\n\t\t\t\t\t\t<div class=\"elementor-container elementor-column-gap-default\">\n\t\t\t\t\t<div class=\"elementor-column elementor-col-100 elementor-inner-column elementor-element elementor-element-3070848 animated-fast elementor-invisible\" data-id=\"3070848\" data-element_type=\"column\" data-settings=\"{&quot;animation&quot;:&quot;fadeInUp&quot;}\">\n\t\t\t<div class=\"elementor-widget-wrap elementor-element-populated\">\n\t\t\t\t\t\t<div class=\"elementor-element elementor-element-d5780fa pt-counter-table-modern elementor-widget elementor-widget-test_peaceful_counters\" data-id=\"d5780fa\" data-element_type=\"widget\" data-widget_type=\"test_peaceful_counters.default\">\n\t\t\t\t<div class=\"elementor-widget-container\">\n\t\t\t\t\t        <div class=\"pt-counter-2-list pt-hover-active\">\r\n                    <div class=\"pt-counter pt-style-2 pt-hover-item\">\r\n                <div class=\"pt-counter-info\">\r\n                    <span class=\"pt-count\" data-count=\"20\" data-duration=\"2000\">\r\n                        1                    <\/span>\r\n                    <span class=\"pt-counter-prefix-icon\">K<\/span>\r\n                    <div class=\"pt-counter-icon\">\r\n                        <i class=\"\"><\/i>\r\n                        <span class=\"pt-counter-title\"> Servicios Realizados <\/span>\r\n                    <\/div>\r\n                <\/div>\r\n            <\/div>\r\n                    <div class=\"pt-counter pt-style-2 pt-hover-item\">\r\n                <div class=\"pt-counter-info\">\r\n                    <span class=\"pt-count\" data-count=\"15\" data-duration=\"2000\">\r\n                        1                    <\/span>\r\n                    <span class=\"pt-counter-prefix-icon\">k<\/span>\r\n                    <div class=\"pt-counter-icon\">\r\n                        <i class=\"\"><\/i>\r\n                        <span class=\"pt-counter-title\"> Clientes Satisfechos <\/span>\r\n                    <\/div>\r\n                <\/div>\r\n            <\/div>\r\n                    <div class=\"pt-counter pt-style-2 pt-hover-item\">\r\n                <div class=\"pt-counter-info\">\r\n                    <span class=\"pt-count\" data-count=\"30\" data-duration=\"2000\">\r\n                        1                    <\/span>\r\n                    <span class=\"pt-counter-prefix-icon\"><\/span>\r\n                    <div class=\"pt-counter-icon\">\r\n                        <i class=\"\"><\/i>\r\n                        <span class=\"pt-counter-title\"> Socios Comerciales <\/span>\r\n                    <\/div>\r\n                <\/div>\r\n            <\/div>\r\n                    <div class=\"pt-counter pt-style-2 pt-hover-item\">\r\n                <div class=\"pt-counter-info\">\r\n                    <span class=\"pt-count\" data-count=\"8\" data-duration=\"2000\">\r\n                        1                    <\/span>\r\n                    <span class=\"pt-counter-prefix-icon\">Y<\/span>\r\n                    <div class=\"pt-counter-icon\">\r\n                        <i class=\"\"><\/i>\r\n                        <span class=\"pt-counter-title\"> A\u00f1os de desarrollo <\/span>\r\n                    <\/div>\r\n                <\/div>\r\n            <\/div>\r\n        \r\n        <\/div>\r\n\t\t\t\t<\/div>\n\t\t\t\t<\/div>\n\t\t\t\t\t<\/div>\n\t\t<\/div>\n\t\t\t\t\t<\/div>\n\t\t<\/div>\n\t\t\t\t\t<\/div>\n\t\t<\/div>\n\t\t\t\t\t<\/div>\n\t\t<\/div>\n\t\t\t\t<div class=\"elementor-section elementor-top-section elementor-element elementor-element-7ce8c83 elementor-section-full_width elementor-section-stretched elementor-section-height-default elementor-section-height-default\" data-id=\"7ce8c83\" data-element_type=\"section\" data-settings=\"{&quot;stretch_section&quot;:&quot;section-stretched&quot;}\">\n\t\t\t\t\t\t<div class=\"elementor-container elementor-column-gap-default\">\n\t\t\t\t\t<div class=\"elementor-column elementor-col-100 elementor-top-column elementor-element elementor-element-61991c7\" data-id=\"61991c7\" data-element_type=\"column\" data-settings=\"{&quot;background_background&quot;:&quot;classic&quot;}\">\n\t\t\t<div class=\"elementor-widget-wrap elementor-element-populated\">\n\t\t\t\t\t\t<div class=\"elementor-section elementor-inner-section elementor-element elementor-element-41554d8 elementor-section-content-middle elementor-section-boxed elementor-section-height-default elementor-section-height-default\" data-id=\"41554d8\" data-element_type=\"section\">\n\t\t\t\t\t\t<div class=\"elementor-container elementor-column-gap-default\">\n\t\t\t\t\t<div class=\"elementor-column elementor-col-100 elementor-inner-column elementor-element elementor-element-d9d6321 animated-fast elementor-invisible\" data-id=\"d9d6321\" data-element_type=\"column\" data-settings=\"{&quot;animation&quot;:&quot;fadeInUp&quot;}\">\n\t\t\t<div class=\"elementor-widget-wrap elementor-element-populated\">\n\t\t\t\t\t\t<div class=\"elementor-element elementor-element-a0690c7 pt-bg-dark elementor-widget elementor-widget-section-title\" data-id=\"a0690c7\" data-element_type=\"widget\" data-widget_type=\"section-title.default\">\n\t\t\t\t<div class=\"elementor-widget-container\">\n\t\t\t\t\t\r\n<div class=\"pt-section-title pt-style-1 text-center\">\r\n    <div class=\"pt-section-sub-title\">\r\n    \t        <i class=\" flaticon-sub-title-icon\"><\/i>\r\n        \t\t\t<span>Avaluexpress<\/span>\r\n\t\t    <\/div>\r\n    \t\t<h5 data-splitting class=\"pt-section-main-title\">Ventajas<\/h5>\r\n\t\t<p class=\"pt-section-description\"><p>Estamos comprometidos con satisfacer las necesidades de nuestros clientes, por lo cual, nuestra prioridad es cumplir con los est\u00e1ndares de profesionalidad establecidos y a\u00f1adir un valor agregado en cada servicios.<\/p><\/p>\r\n<\/div>\r\n\r\n\t\t\t\t<\/div>\n\t\t\t\t<\/div>\n\t\t\t\t\t<\/div>\n\t\t<\/div>\n\t\t\t\t\t<\/div>\n\t\t<\/div>\n\t\t\t\t<div class=\"elementor-section elementor-inner-section elementor-element elementor-element-955c71d elementor-section-content-middle elementor-section-boxed elementor-section-height-default elementor-section-height-default\" data-id=\"955c71d\" data-element_type=\"section\">\n\t\t\t\t\t\t<div class=\"elementor-container elementor-column-gap-default\">\n\t\t\t\t\t<div class=\"elementor-column elementor-col-100 elementor-inner-column elementor-element elementor-element-37ec200 animated-fast elementor-invisible\" data-id=\"37ec200\" data-element_type=\"column\" data-settings=\"{&quot;animation&quot;:&quot;fadeInUp&quot;}\">\n\t\t\t<div class=\"elementor-widget-wrap elementor-element-populated\">\n\t\t\t\t\t\t<div class=\"elementor-element elementor-element-f88292b pt-bg-dark elementor-widget elementor-widget-Service_Box\" data-id=\"f88292b\" data-element_type=\"widget\" data-widget_type=\"Service_Box.default\">\n\t\t\t\t<div class=\"elementor-widget-container\">\n\t\t\t\t\t\r\n  <div class=\"pt-service-box-1-list pt-hover-active text-start\">\r\n          <div class=\"pt-service-box pt-style-1 pt-hover-item\">\r\n\r\n       <div class=\"pt-service-box-contain\">\r\n        \r\n\r\n          <div class=\"pt-service-box-icon\">\r\n           <i class=\"far fa-check-circle\"><\/i>\r\n         <\/div>\r\n       \r\n               <h5 class=\"pt-service-box-title\">Accesibilidad<\/h5>\r\n            <p class=\"pt-service-box-description\"> Servicio disponible a cualquier hora y en cualquier lugar. <\/p>\r\n\r\n      \r\n      <\/div>\r\n\r\n      \r\n    <\/div>\r\n        <div class=\"pt-service-box pt-style-1 pt-hover-item\">\r\n\r\n       <div class=\"pt-service-box-contain\">\r\n        \r\n\r\n          <div class=\"pt-service-box-icon\">\r\n           <i class=\"far fa-clock\"><\/i>\r\n         <\/div>\r\n       \r\n               <h5 class=\"pt-service-box-title\">R\u00e1pidez<\/h5>\r\n            <p class=\"pt-service-box-description\"> Tus valoraciones listas en 24 horas, \u00a1Garantizado! <\/p>\r\n\r\n      \r\n      <\/div>\r\n\r\n      \r\n    <\/div>\r\n        <div class=\"pt-service-box pt-style-1 pt-hover-item\">\r\n\r\n       <div class=\"pt-service-box-contain\">\r\n        \r\n\r\n          <div class=\"pt-service-box-icon\">\r\n           <i class=\"ion ion-star\"><\/i>\r\n         <\/div>\r\n       \r\n               <h5 class=\"pt-service-box-title\">Profesionalismo<\/h5>\r\n            <p class=\"pt-service-box-description\"> Confiabilidad en el 100% de nuestras valoraciones respaldadas por peritos certificados. <\/p>\r\n\r\n      \r\n      <\/div>\r\n\r\n      \r\n    <\/div>\r\n        <div class=\"pt-service-box pt-style-1 pt-hover-item\">\r\n\r\n       <div class=\"pt-service-box-contain\">\r\n        \r\n\r\n          <div class=\"pt-service-box-icon\">\r\n           <i class=\" ti-headphone-alt\"><\/i>\r\n         <\/div>\r\n       \r\n               <h5 class=\"pt-service-box-title\">Soporte<\/h5>\r\n            <p class=\"pt-service-box-description\"> Si\u00e9ntete respaldado con nuestra atenci\u00f3n personalizada en todo momento. <\/p>\r\n\r\n      \r\n      <\/div>\r\n\r\n      \r\n    <\/div>\r\n  <\/div>    \r\n\r\n\r\n\r\n\r\n\r\n\r\n\r\n\r\n\r\n\r\n\r\n\r\n\r\n\t\t\t\t<\/div>\n\t\t\t\t<\/div>\n\t\t\t\t\t<\/div>\n\t\t<\/div>\n\t\t\t\t\t<\/div>\n\t\t<\/div>\n\t\t\t\t\t<\/div>\n\t\t<\/div>\n\t\t\t\t\t<\/div>\n\t\t<\/div>\n\t\t\t\t<\/div>\n\t\t","protected":false},"excerpt":{"rendered":"<p>Sobre Nosotros Avaluexpress Somos una empresa especializada y dedicada a ofrecer una soluci\u00f3n en \u201cValoraci\u00f3n de Inmuebles\u201d de la manera m\u00e1s r\u00e1pida e innovadora del distrito occidente del pa\u00eds. Entre nuestros clientes se encuentran empresas de gran trayectoria que avalan la calidad de nuestros servicios as\u00ed como el profesionalismo en cada trabajo realizado. Nuestro equipo [&hellip;]<\/p>\n","protected":false},"author":1,"featured_media":0,"parent":0,"menu_order":0,"comment_status":"closed","ping_status":"closed","template":"","meta":{"_acf_changed":false,"footnotes":""},"class_list":["post-4007","page","type-page","status-publish","hentry"],"acf":[],"_links":{"self":[{"href":"https:\/\/avaluexpress.com\/index.php?rest_route=\/wp\/v2\/pages\/4007","targetHints":{"allow":["GET"]}}],"collection":[{"href":"https:\/\/avaluexpress.com\/index.php?rest_route=\/wp\/v2\/pages"}],"about":[{"href":"https:\/\/avaluexpress.com\/index.php?rest_route=\/wp\/v2\/types\/page"}],"author":[{"embeddable":true,"href":"https:\/\/avaluexpress.com\/index.php?rest_route=\/wp\/v2\/users\/1"}],"replies":[{"embeddable":true,"href":"https:\/\/avaluexpress.com\/index.php?rest_route=%2Fwp%2Fv2%2Fcomments&post=4007"}],"version-history":[{"count":0,"href":"https:\/\/avaluexpress.com\/index.php?rest_route=\/wp\/v2\/pages\/4007\/revisions"}],"wp:attachment":[{"href":"https:\/\/avaluexpress.com\/index.php?rest_route=%2Fwp%2Fv2%2Fmedia&parent=4007"}],"curies":[{"name":"wp","href":"https:\/\/api.w.org\/{rel}","templated":true}]}}